{"id":77,"date":"2016-06-27T12:30:23","date_gmt":"2016-06-27T11:30:23","guid":{"rendered":"http:\/\/permanencecouplefamille.romulus.zsite.ch\/?page_id=77"},"modified":"2024-08-16T14:16:36","modified_gmt":"2024-08-16T13:16:36","slug":"bienvenue-sur-le-site-de-la-permanence-telephonique-couple-et-famille-de-larc-jurassien","status":"publish","type":"page","link":"https:\/\/www.permanencecouplefamille.ch\/?page_id=77","title":{"rendered":"Bienvenue sur le site de la permanence t\u00e9l\u00e9phonique"},"content":{"rendered":"<h4><span style=\"color: #808080;\">Vous pouvez nous joindre \u00a0du\u00a0lundi au jeudi de 12h30 \u00e0 14h00 au\u00a0num\u00e9ro de t\u00e9l\u00e9phone suivant :\u00a0<span style=\"color: #333399;\">0840 420 420<\/span><\/span><\/h4>\n<h4><span style=\"color: #808080;\">En dehors des heures de permanence, il est possible d\u2019envoyer un message par courriel \u00e0 l\u2019adresse suivante : <a style=\"color: #808080;\" href=\"mailto:info@permanencecouplefamille.ch\"><span style=\"color: #0000ff;\"><span style=\"color: #333399;\">info@permanencecouplefamille.ch<\/span><\/span><\/a><\/span><\/h4>\n<p><span style=\"color: #808080;\">La permanence t\u00e9l\u00e9phonique permet un contact direct, rapide et anonyme avec un-e professionnel-le de la relation de couple, afin de pouvoir :<\/span><\/p>\n<ul>\n<li><span style=\"color: #808080;\">D\u00e9poser quelque chose de douloureux qui vient de se produire ou alors qui dure depuis un certain temps et qui \u00e9puise.<\/span><\/li>\n<li><span style=\"color: #808080;\">Recevoir, par l\u2019\u00e9coute d\u2019un professionnel, une aide imm\u00e9diate en cas de crise aigu\u00eb.<\/span><\/li>\n<li><span style=\"color: #808080;\">B\u00e9n\u00e9ficier d\u2019une \u00e9coute active : le professionnel aide l\u2019appelant \u00e0 mettre des mots sur les difficult\u00e9s et \u00e0 mieux les percevoir. Il peut contenir, d\u00e9dramatiser, \u00e9ventuellement proposer des pistes.<\/span><\/li>\n<li><span style=\"color: #808080;\">Eviter de prendre une d\u00e9cision h\u00e2tive, prendre un peu de recul, et se donner, le cas \u00e9ch\u00e9ant, la possibilit\u00e9 de b\u00e9n\u00e9ficier de l\u2019offre de la consultation conjugale et familiale.<\/span><\/li>\n<li><span style=\"color: #808080;\">Etre renseign\u00e9 sur les prestations, le cadre, la sp\u00e9cificit\u00e9 de la consultation conjugale et familiale.<\/span><\/li>\n<li><span style=\"color: #808080;\">A noter que ce temps d\u2019\u00e9coute, d\u2019une dur\u00e9e d\u2019une vingtaine de minutes, ne remplace pas une consultation conjugale ou familiale.<\/span><\/li>\n<li><span style=\"color: #808080;\">Cette permanence compl\u00e8te l\u2019offre existante de nos services, \u00e0 savoir les consultations conjugales et familiales et les groupes de parole. Elle s\u2019adresse \u00e0 toute personne domicili\u00e9e ou travaillant dans la partie francophone du canton de Berne ou dans le canton du Jura, qui souhaite aborder des questions li\u00e9es \u00e0 des difficult\u00e9s rencontr\u00e9es dans son couple ou sa famille (questions li\u00e9es \u00e0 la conjugalit\u00e9, \u00e0 la parentalit\u00e9, aux relations avec les familles d\u2019origine, etc.). Cette permanence t\u00e9l\u00e9phonique est assur\u00e9e par des conseillers conjugaux exp\u00e9riment\u00e9s.<\/span><\/li>\n<\/ul>\n","protected":false},"excerpt":{"rendered":"<p>Vous pouvez nous joindre \u00a0du\u00a0lundi au jeudi de 12h30 \u00e0 14h00 au\u00a0num\u00e9ro de t\u00e9l\u00e9phone suivant :\u00a00840 420 420 En dehors des heures de permanence, il est possible d\u2019envoyer un message par courriel \u00e0 l\u2019adresse suivante : info@permanencecouplefamille.ch La &hellip; <\/p>\n<div class=\"more-link-wrapper\"><a href=\"https:\/\/www.permanencecouplefamille.ch\/?page_id=77\" class=\"more-link\">Continue reading<span class=\"screen-reader-text\"> \u00ab\u00a0Bienvenue sur le site de la permanence t\u00e9l\u00e9phonique\u00a0\u00bb<\/span><\/a><\/div>\n","protected":false},"author":1,"featured_media":0,"parent":0,"menu_order":0,"comment_status":"closed","ping_status":"closed","template":"","meta":{"footnotes":""},"class_list":["post-77","page","type-page","status-publish","hentry"],"_links":{"self":[{"href":"https:\/\/www.permanencecouplefamille.ch\/index.php?rest_route=\/wp\/v2\/pages\/77","targetHints":{"allow":["GET"]}}],"collection":[{"href":"https:\/\/www.permanencecouplefamille.ch\/index.php?rest_route=\/wp\/v2\/pages"}],"about":[{"href":"https:\/\/www.permanencecouplefamille.ch\/index.php?rest_route=\/wp\/v2\/types\/page"}],"author":[{"embeddable":true,"href":"https:\/\/www.permanencecouplefamille.ch\/index.php?rest_route=\/wp\/v2\/users\/1"}],"replies":[{"embeddable":true,"href":"https:\/\/www.permanencecouplefamille.ch\/index.php?rest_route=%2Fwp%2Fv2%2Fcomments&post=77"}],"version-history":[{"count":22,"href":"https:\/\/www.permanencecouplefamille.ch\/index.php?rest_route=\/wp\/v2\/pages\/77\/revisions"}],"predecessor-version":[{"id":436,"href":"https:\/\/www.permanencecouplefamille.ch\/index.php?rest_route=\/wp\/v2\/pages\/77\/revisions\/436"}],"wp:attachment":[{"href":"https:\/\/www.permanencecouplefamille.ch\/index.php?rest_route=%2Fwp%2Fv2%2Fmedia&parent=77"}],"curies":[{"name":"wp","href":"https:\/\/api.w.org\/{rel}","templated":true}]}}