{"id":50,"date":"2014-08-21T10:33:12","date_gmt":"2014-08-21T09:33:12","guid":{"rendered":"http:\/\/permanencecouplefamille.romulus.zsite.ch\/?page_id=50"},"modified":"2024-08-16T14:14:40","modified_gmt":"2024-08-16T13:14:40","slug":"permanance","status":"publish","type":"page","link":"https:\/\/www.permanencecouplefamille.ch\/","title":{"rendered":"Permanence t\u00e9l\u00e9phonique"},"content":{"rendered":"<h4>Des conseillers conjugaux\/th\u00e9rapeutes de couple sont \u00e0 votre \u00e9coute du lundi au jeudi de 12h30 \u00e0 14h00 au num\u00e9ro de t\u00e9l\u00e9phone : <span style=\"color: #333399;\">0840 420 420<\/span> \u00a0(tarif local)<\/h4>\n<h4>Vous pouvez \u00e9galement les joindre par courriel :<\/h4>\n<h4><a title=\"info@permanencecouplefamille.ch\" href=\"mailto:info@permanencecouplefamille.ch\"><strong><span style=\"color: #333399;\">info@permanencecouplefamille.ch<\/span><\/strong><\/a><\/h4>\n<p>Cette permanence t\u00e9l\u00e9phonique ne remplace pas une consultation traditionnelle. Vous trouverez les contacts n\u00e9cessaires pour une prise de rendez-vous sur <a title=\"Partenaires et lieux de consultation\" href=\"http:\/\/permanencecouplefamille.ch\/?page_id=100\" rel=\"noopener noreferrer\">ce lien<\/a>.<\/p>\n<p><em>Services subventionn\u00e9s par les cantons de Berne et du Jura, ainsi que par les Eglises catholique et r\u00e9form\u00e9e des cantons de Berne et du Jura.<\/em><\/p>\n","protected":false},"excerpt":{"rendered":"<p>Des conseillers conjugaux\/th\u00e9rapeutes de couple sont \u00e0 votre \u00e9coute du lundi au jeudi de 12h30 \u00e0 14h00 au num\u00e9ro de t\u00e9l\u00e9phone : 0840 420 420 \u00a0(tarif local) Vous pouvez \u00e9galement les joindre par courriel : info@permanencecouplefamille.ch Cette permanence &hellip; <\/p>\n<div class=\"more-link-wrapper\"><a href=\"https:\/\/www.permanencecouplefamille.ch\/\" class=\"more-link\">Continue reading<span class=\"screen-reader-text\"> \u00ab\u00a0Permanence t\u00e9l\u00e9phonique\u00a0\u00bb<\/span><\/a><\/div>\n","protected":false},"author":1,"featured_media":0,"parent":0,"menu_order":0,"comment_status":"closed","ping_status":"closed","template":"","meta":{"footnotes":""},"class_list":["post-50","page","type-page","status-publish","hentry"],"_links":{"self":[{"href":"https:\/\/www.permanencecouplefamille.ch\/index.php?rest_route=\/wp\/v2\/pages\/50","targetHints":{"allow":["GET"]}}],"collection":[{"href":"https:\/\/www.permanencecouplefamille.ch\/index.php?rest_route=\/wp\/v2\/pages"}],"about":[{"href":"https:\/\/www.permanencecouplefamille.ch\/index.php?rest_route=\/wp\/v2\/types\/page"}],"author":[{"embeddable":true,"href":"https:\/\/www.permanencecouplefamille.ch\/index.php?rest_route=\/wp\/v2\/users\/1"}],"replies":[{"embeddable":true,"href":"https:\/\/www.permanencecouplefamille.ch\/index.php?rest_route=%2Fwp%2Fv2%2Fcomments&post=50"}],"version-history":[{"count":18,"href":"https:\/\/www.permanencecouplefamille.ch\/index.php?rest_route=\/wp\/v2\/pages\/50\/revisions"}],"predecessor-version":[{"id":435,"href":"https:\/\/www.permanencecouplefamille.ch\/index.php?rest_route=\/wp\/v2\/pages\/50\/revisions\/435"}],"wp:attachment":[{"href":"https:\/\/www.permanencecouplefamille.ch\/index.php?rest_route=%2Fwp%2Fv2%2Fmedia&parent=50"}],"curies":[{"name":"wp","href":"https:\/\/api.w.org\/{rel}","templated":true}]}}