{"id":100,"date":"2016-06-27T12:31:47","date_gmt":"2016-06-27T11:31:47","guid":{"rendered":"http:\/\/permanencecouplefamille.romulus.zsite.ch\/?page_id=100"},"modified":"2024-07-08T08:11:46","modified_gmt":"2024-07-08T07:11:46","slug":"lieux-de-consultations","status":"publish","type":"page","link":"http:\/\/www.permanencecouplefamille.ch\/?page_id=100","title":{"rendered":"Lieux de consultations"},"content":{"rendered":"\n<figure class=\"wp-block-table\"><table><tbody><tr><td><\/td><td><\/td><\/tr><tr><td><a href=\"https:\/\/csp.ch\/berne-jura\/\" target=\"_blank\" rel=\"noopener noreferrer\"><img decoding=\"async\" class=\"wp-image-30 size-full alignleft\" style=\"display: block; margin-left: auto; margin-right: auto;\" src=\"http:\/\/www.permanencecouplefamille.ch\/wp-content\/uploads\/2020\/08\/logo-beju.png\" alt=\"CSP BE-JU\"><\/a><\/td><td> <h4 style=\"text-align: center;\"><strong>Centre social protestant<br>Berne-Jura<\/strong><\/h4> <p style=\"text-align: center;\"><a rel=\"noopener noreferrer\" href=\"https:\/\/csp.ch\/berne-jura\/\" target=\"_blank\">https:\/\/csp.ch\/berne-jura\/<\/a> | <a href=\"mailto:info@csp-beju.ch\">info@csp-beju.ch<\/a><\/p> <\/td><\/tr><tr><td>\n<h5>Moutier :<\/h5>\nRue Centrale 59 | 2740 Moutier <br>t\u00e9l. : 032 493 32 21\n<\/td><td>\n<h5>Bienne :<\/h5>\nChemin du Long-Champ 135, 3\u00e8me \u00e9tage | 2504 Bienne <br>t\u00e9l. : 032 493 32 21\n<\/td><\/tr><\/tbody><\/table><\/figure>\n\n\n\n<figure class=\"wp-block-table\"><table><tbody><tr><td><\/td><td><\/td><td><\/td><\/tr><tr><td> <a href=\"https:\/\/www.caritas-jura.ch\/\" target=\"_blank\" rel=\"noreferrer noopener\"><img decoding=\"async\" class=\"size-full wp-image-33 alignleft\" src=\"http:\/\/www.permanencecouplefamille.ch\/wp-content\/uploads\/2020\/08\/logo-caju.png\" alt=\"Caritas Jura\"><\/a> <\/td><td colspan=\"2\"> <h4 style=\"text-align: center;\"><strong>Caritas Jura<\/strong><\/h4><p style=\"text-align: center;\"><a href=\"https:\/\/www.caritas-jura.ch\/\" target=\"_blank\" rel=\"noopener noreferrer\">https:\/\/www.caritas-jura.ch\/<\/a> | <a href=\"mailto:dcs@caritas-jura.ch\">dcs@caritas-jura.ch<\/a><\/p> <\/td><\/tr><tr><td>\n<h5>Del\u00e9mont :<\/h5>\nRue du Temple 19 | 2800 Del\u00e9mont\n<br>T\u00e9l. : 032 421 35 80\n<br>\n<\/td><td>\n<h5>Porrentruy :<\/h5>\nGrand-Rue 18 | 2900 Porrentruy\n<br>T\u00e9l. : 032 421 35 80\n<\/td><td>\n<h5>Saignel\u00e9gier :<\/h5>\nRue de l\u2019H\u00f4pital 13 | 2350 Saignel\u00e9gier\n<br>T\u00e9l. : 032 421 35 80\n<br>\n<\/td><\/tr><\/tbody><\/table><\/figure>\n","protected":false},"excerpt":{"rendered":"<p>Centre social protestantBerne-Jura https:\/\/csp.ch\/berne-jura\/ | info@csp-beju.ch Moutier : Rue Centrale 59 | 2740 Moutier t\u00e9l. : 032 493 32 21 Bienne : Chemin du Long-Champ 135, 3\u00e8me \u00e9tage | 2504 Bienne t\u00e9l. : 032 493 32 21 Caritas &hellip; <\/p>\n<div class=\"more-link-wrapper\"><a href=\"http:\/\/www.permanencecouplefamille.ch\/?page_id=100\" class=\"more-link\">Continue reading<span class=\"screen-reader-text\"> \u00ab\u00a0Lieux de consultations\u00a0\u00bb<\/span><\/a><\/div>\n","protected":false},"author":1,"featured_media":0,"parent":0,"menu_order":0,"comment_status":"closed","ping_status":"closed","template":"","meta":{"footnotes":""},"class_list":["post-100","page","type-page","status-publish","hentry"],"_links":{"self":[{"href":"http:\/\/www.permanencecouplefamille.ch\/index.php?rest_route=\/wp\/v2\/pages\/100","targetHints":{"allow":["GET"]}}],"collection":[{"href":"http:\/\/www.permanencecouplefamille.ch\/index.php?rest_route=\/wp\/v2\/pages"}],"about":[{"href":"http:\/\/www.permanencecouplefamille.ch\/index.php?rest_route=\/wp\/v2\/types\/page"}],"author":[{"embeddable":true,"href":"http:\/\/www.permanencecouplefamille.ch\/index.php?rest_route=\/wp\/v2\/users\/1"}],"replies":[{"embeddable":true,"href":"http:\/\/www.permanencecouplefamille.ch\/index.php?rest_route=%2Fwp%2Fv2%2Fcomments&post=100"}],"version-history":[{"count":114,"href":"http:\/\/www.permanencecouplefamille.ch\/index.php?rest_route=\/wp\/v2\/pages\/100\/revisions"}],"predecessor-version":[{"id":431,"href":"http:\/\/www.permanencecouplefamille.ch\/index.php?rest_route=\/wp\/v2\/pages\/100\/revisions\/431"}],"wp:attachment":[{"href":"http:\/\/www.permanencecouplefamille.ch\/index.php?rest_route=%2Fwp%2Fv2%2Fmedia&parent=100"}],"curies":[{"name":"wp","href":"https:\/\/api.w.org\/{rel}","templated":true}]}}